{"id":3630,"date":"2019-03-13T12:07:09","date_gmt":"2019-03-13T10:07:09","guid":{"rendered":"http:\/\/www.anastasiasgarden.gr\/?page_id=3630"},"modified":"2024-01-07T18:06:55","modified_gmt":"2024-01-07T16:06:55","slug":"das-gasthaus","status":"publish","type":"page","link":"https:\/\/www.anastasiasgarden.gr\/de\/das-gasthaus\/","title":{"rendered":"Das Gasthaus"},"content":{"rendered":"[vc_row full_width=&#8220;stretch_row&#8220; equal_height_columns=&#8220;no&#8220; css=&#8220;.vc_custom_1455828471106{padding-top: 7% !important;padding-bottom: 7% !important;}&#8220;][vc_column width=&#8220;1\/2&#8243; css=&#8220;.vc_custom_1439194190582{background-color: #ffffff !important;}&#8220;]<h2 class=\"calluna-heading calluna-heading-single-line text-align-left \" ><span>Willkommen<\/span><\/h2>[vc_column_text el_class=&#8220;separator&#8220;]\n<p class=\"p1\"><span class=\"s1\">Mit einer Inselarchitektur und einem Panoramablick Anastasia\u2019s Garden befindet sich an einem der amphitheatrischsten und malerischsten Orte der Insel, am Strand von Stegna mit dem kristallklaren Meer und dem wundersch\u00f6nen Sandstrand. In ruhiger und gr\u00fcner Lage im Zentrum von Stegna, umgeben von Hibiskus, Bougainvillea und Obstb\u00e4umen, nur 60 m vom Meer entfernt, bietet das Anastasia\u2019s Garden komfortable Zimmer, Studios und Apartments, deren Design auf anspruchsvollen Geschmack und auf der Funktionalit\u00e4t jedes Raumes basierte!<\/span><\/p>\n<p class=\"p1\"><span class=\"s1\">Es wird angenommen, dass die Zimmer mit dem Gedanken ausgestattet wurden, dass alle Annehmlichkeiten, die man f\u00fcr Ihren Urlaub ben\u00f6tigt, absolut notwendig sind.<\/span><\/p>\n<p class=\"p1\"><span class=\"s1\">Alle Zimmer des Komplexes reisen Sie sich an unterschiedlichen Jahreszeiten und dort f\u00fchlen Sie sich wie zu Hause.<\/span><\/p>\n<p class=\"p1\"><span class=\"s1\">Im Innenhof des Komplexes k\u00f6nnen Sie die malerische K\u00fcche sehen, in der die Vergangenheit durch Gef\u00e4\u00dfe und Bilder mit der Gegenwart verbunden wird, die Sie in andere Zeiten f\u00fchren. Hier k\u00f6nnen Sie Ihren Morgenkaffee zubereiten und genie\u00dfen. Gleich daneben befindet sich die Ecke des Grills, die auf den ersten Blick die Eindr\u00fccke stiehlt. Gebaute Sofas mit handgefertigten \u00dcberw\u00fcrfen und \u039aissen sind bereit, Sie nach einer reichhaltigen Mahlzeit, die Sie gerade mit Ihrer Gesellschaft genossen haben, zu umarmen und zu entspannen.<\/span><\/p>\n<p class=\"p1\"><span class=\"s1\">Alle Zimmer haben einen anderen Stil und sind bereit, G\u00e4ste zu begr\u00fc\u00dfen, die Komfort, Ruhe und freundliche Atmosph\u00e4re suchen.<\/span><\/p>\n<p class=\"p1\"><span class=\"s1\">Schlie\u00dflich garantiert die einzigartige Gastfreundschaft der Eigent\u00fcmerin, Frau Tsampika Oikuta, einen einzigartigen und unvergesslichen Urlaub.<\/span><\/p>\n[\/vc_column_text][\/vc_column][vc_column width=&#8220;1\/2&#8243;][vc_single_image image=&#8220;4716&#8243;][vc_single_image image=&#8220;4711&#8243;][vc_single_image image=&#8220;4305&#8243;][\/vc_column][\/vc_row][vc_row full_width=&#8220;stretch_row&#8220; equal_height_columns=&#8220;no&#8220; css=&#8220;.vc_custom_1455828471106{padding-top: 7% !important;padding-bottom: 7% !important;}&#8220;][vc_column width=&#8220;1\/2&#8243; css=&#8220;.vc_custom_1439194190582{background-color: #ffffff !important;}&#8220;][vc_single_image image=&#8220;3301&#8243;][\/vc_column][vc_column width=&#8220;1\/2&#8243;]<h2 class=\"calluna-heading calluna-heading-single-line text-align-left \" ><span>Standort<\/span><\/h2>[vc_column_text el_class=&#8220;separator&#8220;]\n<p class=\"p1\"><span class=\"s1\">Der Strand Stegna liegt genau im Zentrum der Insel, und ist nur 1,5 km vom Dorf Archangelos, 26 km von der Stadt von Rhodos, 35 km vom Flughafen und nur 20 km vom sch\u00f6nen Lindos entfernt.<\/span><\/p>\n<p class=\"p1\"><span class=\"s1\">Der von Bergen umgebene Stegna Strand ist ein idealer Urlaubsort f\u00fcr Menschen, die Ruhe entfernt von belebten Resorts suchen.<\/span><\/p>\n<p class=\"p1\"><span class=\"s1\">Der Strand ist voll organisiert mit Supermarkt, Liegest\u00fchlen, Sonnenschirmen und Wassersport.<\/span><\/p>\n<p class=\"p1\"><span class=\"s1\">Das kristallklare Meer mit dem sch\u00f6nen Sandstrand, den malerischen kleinen Tavernen, der einzigartigen Authentizit\u00e4t und der Herzlichkeit der Einwohner machen Stegna zur einer Attraktion f\u00fcr Besucher aus der ganzen Welt.<\/span><\/p>\n[\/vc_column_text][\/vc_column][\/vc_row][vc_row full_width=&#8220;stretch_row_content&#8220; css=&#8220;.vc_custom_1551443843156{background-color: #194c71 !important;background-position: center !important;background-repeat: no-repeat !important;background-size: cover !important;}&#8220;][vc_column width=&#8220;1\/6&#8243;][\/vc_column][vc_column width=&#8220;2\/3&#8243; style=&#8220;column-style-1&#8243; css=&#8220;.vc_custom_1551443996736{padding-top: 8% !important;padding-bottom: 9% !important;}&#8220;]<h2 class=\"calluna-heading calluna-heading-single-line text-align-center \" style=\"color: #e4d292;\"><span>Aktivit\u00e4ten<\/span><\/h2>[vc_column_text css_animation=&#8220;top-to-bottom&#8220; css=&#8220;.vc_custom_1551446998566{padding-bottom: 50px !important;}&#8220;]\n<p class=\"p1\" style=\"text-align: center;\"><span class=\"s1\">Die Gegend ist ideal zum Schwimmen, Wandern, Joggen am Meer und organisierten Angelaktivit\u00e4ten. In Absprache mit der Eigent\u00fcmerin des Anastasia\u2019s Garden k\u00f6nnen Sie die sch\u00f6nsten und unerforschten Str\u00e4nde der Insel erkunden. Wenn Sie ein Motorrad oder ein Auto mieten, k\u00f6nnen Sie eine Tour rund um die Insel unternehmen und die wundersch\u00f6nen Wanderwege durch die traditionellen D\u00f6rfer und die gr\u00fcnen W\u00e4lder genie\u00dfen.<\/span><\/p>\n[\/vc_column_text]<h3 class=\"calluna-heading calluna-heading-single-line text-align-center \" style=\"color: #e4d292;\"><span>Gastronomie - Essen<\/span><\/h3>[vc_column_text css_animation=&#8220;top-to-bottom&#8220;]\n<p class=\"p1\" style=\"text-align: center;\"><span class=\"s1\">Nur 3 Minuten von dem Gasthaus entfernt befinden sich die bekanntesten Fischtavernen in der Umgebung, die von lokalen Fischern mit frischem Fisch versorgt werden.<\/span><\/p>\n<p class=\"p1\" style=\"text-align: center;\"><span class=\"s1\">Sie k\u00f6nnen Ihren Ouzo oder Wein neben der Welle genie\u00dfen, begleitet von frischen Delikatessen oder lokalen Spezialit\u00e4ten mit regionalen Produkten.<\/span><\/p>\n[\/vc_column_text][\/vc_column][vc_column width=&#8220;1\/6&#8243;][\/vc_column][\/vc_row][vc_row full_width=&#8220;stretch_row_content&#8220; equal_height=&#8220;yes&#8220; content_placement=&#8220;middle&#8220; ts_row_screen_height=&#8220;false&#8220; ts_row_screen_offset=&#8220;0&#8243; ts_row_min_height=&#8220;100&#8243; ts_row_break_parents=&#8220;0&#8243; ts_row_zindex=&#8220;0&#8243; ts_row_bg_source=&#8220;full&#8220; ts_row_bg_position=&#8220;center&#8220; ts_row_bg_size_standard=&#8220;cover&#8220; ts_row_bg_size_parallax=&#8220;cover&#8220; ts_row_bg_repeat=&#8220;no-repeat&#8220; ts_row_parallax_type=&#8220;up&#8220; ts_row_bg_alignment_v=&#8220;center&#8220; ts_row_bg_alignment_h=&#8220;center&#8220; ts_row_parallax_speed=&#8220;20&#8243; ts_row_automove_speed=&#8220;75&#8243; ts_row_automove_scroll=&#8220;true&#8220; ts_row_automove_align=&#8220;horizontal&#8220; ts_row_automove_path_h=&#8220;leftright&#8220; ts_row_automove_path_v=&#8220;topbottom&#8220; ts_row_movement_x_allow=&#8220;true&#8220; ts_row_movement_x_ratio=&#8220;10&#8243; ts_row_movement_y_allow=&#8220;true&#8220; ts_row_movement_y_ratio=&#8220;10&#8243; ts_row_movement_content=&#8220;true&#8220; padding_top=&#8220;30&#8243; padding_bottom=&#8220;30&#8243; margin_left=&#8220;0&#8243; margin_right=&#8220;0&#8243; single_color=&#8220;#ffffff&#8220; gradient_angle=&#8220;0&#8243; gradient_color_start=&#8220;#cccccc&#8220; gradient_start_offset=&#8220;0&#8243; gradient_color_end=&#8220;#cccccc&#8220; gradient_end_offset=&#8220;100&#8243; video_mute=&#8220;true&#8220; video_loop=&#8220;false&#8220; video_remove=&#8220;false&#8220; video_start=&#8220;false&#8220; video_stop=&#8220;true&#8220; video_controls=&#8220;true&#8220; video_raster=&#8220;false&#8220; svg_top_on=&#8220;false&#8220; svg_top_style=&#8220;1&#8243; svg_top_height=&#8220;100&#8243; svg_top_flip=&#8220;false&#8220; svg_top_position=&#8220;0&#8243; svg_top_color1=&#8220;#ffffff&#8220; svg_top_color2=&#8220;#ededed&#8220; svg_bottom_on=&#8220;false&#8220; svg_bottom_style=&#8220;1&#8243; svg_bottom_height=&#8220;100&#8243; svg_bottom_flip=&#8220;false&#8220; svg_bottom_position=&#8220;0&#8243; svg_bottom_color1=&#8220;#ffffff&#8220; svg_bottom_color2=&#8220;#ededed&#8220; ts_row_raster_use=&#8220;false&#8220; ts_row_raster_type=&#8220;transparent&#8220; ts_row_overlay_use=&#8220;false&#8220; ts_row_overlay_color=&#8220;rgba(30,115,190,0.25)&#8220; animation_scroll=&#8220;false&#8220; animation_speed=&#8220;2000&#8243; show_large=&#8220;true&#8220; show_medium=&#8220;true&#8220; show_small=&#8220;true&#8220; show_extra=&#8220;true&#8220; show_remove=&#8220;true&#8220; el_class=&#8220;reorder-xs icons-info&#8220; css=&#8220;.vc_custom_1551440226427{padding-top: 50px !important;padding-right: 20px !important;padding-left: 20px !important;background-color: #ffffff !important;}&#8220;][vc_column width=&#8220;1\/3&#8243; css=&#8220;.vc_custom_1552908090069{padding-top: 7% !important;padding-right: 7% !important;padding-bottom: 7% !important;padding-left: 7% !important;background-position: center !important;background-repeat: no-repeat !important;background-size: cover !important;}&#8220; animation_scroll=&#8220;false&#8220; animation_speed=&#8220;2000&#8243; offset=&#8220;vc_col-lg-4 vc_col-xs-12&#8243; el_class=&#8220;some-options&#8220;]\n        <div class=\"calluna-icon-box clr calluna-icon-box-one align-center\">\n                            <div class=\"calluna-icon-box-one-icon calluna-icon-box-icon\"  style=\"color:#194c71;border-radius:12px;\">\n                                            <span class=\"fa fa-home\"><\/span>\n                                    <\/div>\n                            <h3 class=\"calluna-icon-box-one-heading \" style=color:#194c71;font-size:22px;>\n                    Warum im Gasthaus von Anastasia\u2019s Garden?                <\/h3>\n                            <div class=\"calluna-icon-box-one-content clr\">\n                    <p class=\"p1\"><span class=\"s1\">Weil es nur zwei Minuten vom Strand entfernt ist.<\/span><\/p>\n<p class=\"p1\"><span class=\"s1\">Weil die Aussicht von \u00fcberall her atemberaubend ist.<\/span><\/p>\n<p class=\"p1\"><span class=\"s1\">F\u00fcr den Komfort und die Ruhe abseits von L\u00e4rm, Motorr\u00e4dern und Autos.<\/span><\/p>\n<p class=\"p1\"><span class=\"s1\">Weil es in der N\u00e4he von Restaurants, Superm\u00e4rkten und Bushaltestellen liegt.<\/span><\/p>\n<p class=\"p1\"><span class=\"s1\">Ideal f\u00fcr Familien mit Kindern.<\/span><\/p>\n                <\/div>\n                    <\/div>\n        \n        [\/vc_column][vc_column width=&#8220;1\/3&#8243; css=&#8220;.vc_custom_1552908096681{background-position: center !important;background-repeat: no-repeat !important;background-size: cover !important;}&#8220; el_class=&#8220;some-options&#8220;]\n        <div class=\"calluna-icon-box clr calluna-icon-box-one align-center\">\n                            <div class=\"calluna-icon-box-one-icon calluna-icon-box-icon\"  style=\"color:#194c71;border-radius:12px;\">\n                                            <span class=\"fa fa-history\"><\/span>\n                                    <\/div>\n                            <h3 class=\"calluna-icon-box-one-heading \" style=color:#194c71;font-size:22px;>\n                    Unschlagbare Lage                <\/h3>\n                            <div class=\"calluna-icon-box-one-content clr\">\n                    <p class=\"p1\"><span class=\"s1\">Das Gasthaus befindet sich in einer amphitheatrisch gr\u00fcnen Gegend voller mit Oliven, Obstb\u00e4umen und Blumen.<\/span><\/p>\n<p class=\"p1\"><span class=\"s1\">Alle Apartments verf\u00fcgen \u00fcber private Veranden mit wundersch\u00f6nen Aussicht.<\/span><\/p>\n                <\/div>\n                    <\/div>\n        \n        [\/vc_column][vc_column width=&#8220;1\/3&#8243; css=&#8220;.vc_custom_1552908102648{background-position: center !important;background-repeat: no-repeat !important;background-size: cover !important;}&#8220; el_class=&#8220;some-options&#8220;]\n        <div class=\"calluna-icon-box clr calluna-icon-box-one align-center\">\n                            <div class=\"calluna-icon-box-one-icon calluna-icon-box-icon\"  style=\"color:#194c71;border-radius:12px;\">\n                                            <span class=\"fa fa-key\"><\/span>\n                                    <\/div>\n                            <h3 class=\"calluna-icon-box-one-heading \" style=color:#194c71;font-size:22px;>\n                    \u03a5\u03c0\u03b7\u03c1\u03b5\u03c3\u03af\u03b5\u03c2 \u03ba\u03b1\u03b9 \u03ba\u03b1\u03b8\u03b1\u03c1\u03b9\u03cc\u03c4\u03b7\u03c4\u03b1                <\/h3>\n                            <div class=\"calluna-icon-box-one-content clr\">\n                    <p class=\"p1\"><span class=\"s1\">Die gastfreundlichen Eigent\u00fcmer und das Personal mit ihrem guten Willen, ihrer Freundlichkeit und ihrem L\u00e4cheln stehen Ihnen jederzeit zur Verf\u00fcgung, erf\u00fcllen ihre W\u00fcnsche und bieten Ihnen alle Informationen, die Sie ben\u00f6tigen.<\/span><\/p>\n                <\/div>\n                    <\/div>\n        \n        [\/vc_column][\/vc_row]\n","protected":false},"excerpt":{"rendered":"<p>[vc_row full_width=&#8220;stretch_row&#8220; equal_height_columns=&#8220;no&#8220; css=&#8220;.vc_custom_1455828471106{padding-top: 7% !important;padding-bottom: 7% !important;}&#8220;][vc_column width=&#8220;1\/2&#8243; css=&#8220;.vc_custom_1439194190582{background-color: #ffffff !important;}&#8220;][vc_column_text el_class=&#8220;separator&#8220;] Mit einer Inselarchitektur und einem Panoramablick Anastasia\u2019s Garden befindet sich an einem der amphitheatrischsten und malerischsten Orte der Insel, am Strand von Stegna mit dem kristallklaren Meer und dem wundersch\u00f6nen Sandstrand. In ruhiger und gr\u00fcner Lage im Zentrum von Stegna, umgeben von [&hellip;]<\/p>\n","protected":false},"author":2,"featured_media":0,"parent":0,"menu_order":0,"comment_status":"closed","ping_status":"closed","template":"","meta":{"footnotes":""},"yoast_head":"<!-- This site is optimized with the Yoast SEO plugin v23.5 - https:\/\/yoast.com\/wordpress\/plugins\/seo\/ -->\n<title>Das Gasthaus - Anastasia&#039;s Garden<\/title>\n<meta name=\"robots\" content=\"index, follow, max-snippet:-1, max-image-preview:large, max-video-preview:-1\" \/>\n<link rel=\"canonical\" href=\"https:\/\/www.anastasiasgarden.gr\/de\/das-gasthaus\/\" \/>\n<meta property=\"og:locale\" content=\"de_DE\" \/>\n<meta property=\"og:type\" content=\"article\" \/>\n<meta property=\"og:title\" content=\"Das Gasthaus - Anastasia&#039;s Garden\" \/>\n<meta property=\"og:description\" content=\"[vc_row full_width=&#8220;stretch_row&#8220; equal_height_columns=&#8220;no&#8220; css=&#8220;.vc_custom_1455828471106{padding-top: 7% !important;padding-bottom: 7% !important;}&#8220;][vc_column width=&#8220;1\/2&#8243; css=&#8220;.vc_custom_1439194190582{background-color: #ffffff !important;}&#8220;][vc_column_text el_class=&#8220;separator&#8220;] Mit einer Inselarchitektur und einem Panoramablick Anastasia\u2019s Garden befindet sich an einem der amphitheatrischsten und malerischsten Orte der Insel, am Strand von Stegna mit dem kristallklaren Meer und dem wundersch\u00f6nen Sandstrand. In ruhiger und gr\u00fcner Lage im Zentrum von Stegna, umgeben von [&hellip;]\" \/>\n<meta property=\"og:url\" content=\"https:\/\/www.anastasiasgarden.gr\/de\/das-gasthaus\/\" \/>\n<meta property=\"og:site_name\" content=\"Anastasia&#039;s Garden\" \/>\n<meta property=\"article:modified_time\" content=\"2024-01-07T16:06:55+00:00\" \/>\n<meta property=\"og:image\" content=\"https:\/\/www.anastasiasgarden.gr\/wp-content\/uploads\/2024\/01\/\u03a4\u03a3\u0391\u039c\u03a0\u0399\u039a\u0391-\u03a3\u03a4\u0395\u0393\u039d\u0391-32-of-72-scaled.jpg\" \/>\n\t<meta property=\"og:image:width\" content=\"2560\" \/>\n\t<meta property=\"og:image:height\" content=\"1707\" \/>\n\t<meta property=\"og:image:type\" content=\"image\/jpeg\" \/>\n<meta name=\"twitter:card\" content=\"summary_large_image\" \/>\n<meta name=\"twitter:label1\" content=\"Gesch\u00e4tzte Lesezeit\" \/>\n\t<meta name=\"twitter:data1\" content=\"5\u00a0Minuten\" \/>\n<script type=\"application\/ld+json\" class=\"yoast-schema-graph\">{\"@context\":\"https:\/\/schema.org\",\"@graph\":[{\"@type\":\"WebPage\",\"@id\":\"https:\/\/www.anastasiasgarden.gr\/de\/das-gasthaus\/\",\"url\":\"https:\/\/www.anastasiasgarden.gr\/de\/das-gasthaus\/\",\"name\":\"Das Gasthaus - Anastasia&#039;s Garden\",\"isPartOf\":{\"@id\":\"https:\/\/www.anastasiasgarden.gr\/el\/#website\"},\"datePublished\":\"2019-03-13T10:07:09+00:00\",\"dateModified\":\"2024-01-07T16:06:55+00:00\",\"breadcrumb\":{\"@id\":\"https:\/\/www.anastasiasgarden.gr\/de\/das-gasthaus\/#breadcrumb\"},\"inLanguage\":\"de\",\"potentialAction\":[{\"@type\":\"ReadAction\",\"target\":[\"https:\/\/www.anastasiasgarden.gr\/de\/das-gasthaus\/\"]}]},{\"@type\":\"BreadcrumbList\",\"@id\":\"https:\/\/www.anastasiasgarden.gr\/de\/das-gasthaus\/#breadcrumb\",\"itemListElement\":[{\"@type\":\"ListItem\",\"position\":1,\"name\":\"Home\",\"item\":\"https:\/\/www.anastasiasgarden.gr\/de\/\"},{\"@type\":\"ListItem\",\"position\":2,\"name\":\"Das Gasthaus\"}]},{\"@type\":\"WebSite\",\"@id\":\"https:\/\/www.anastasiasgarden.gr\/el\/#website\",\"url\":\"https:\/\/www.anastasiasgarden.gr\/el\/\",\"name\":\"Anastasia\u2019s Garden\",\"description\":\"\u039e\u03b5\u03bd\u03ce\u03bd\u03b1\u03c2 \u03ba\u03b1\u03b9 \u0395\u03bd\u03bf\u03b9\u03ba\u03b9\u03b1\u03b6\u03cc\u03bc\u03b5\u03bd\u03b1 \u0394\u03c9\u03bc\u03ac\u03c4\u03b9\u03b1\",\"publisher\":{\"@id\":\"https:\/\/www.anastasiasgarden.gr\/el\/#organization\"},\"potentialAction\":[{\"@type\":\"SearchAction\",\"target\":{\"@type\":\"EntryPoint\",\"urlTemplate\":\"https:\/\/www.anastasiasgarden.gr\/el\/?s={search_term_string}\"},\"query-input\":{\"@type\":\"PropertyValueSpecification\",\"valueRequired\":true,\"valueName\":\"search_term_string\"}}],\"inLanguage\":\"de\"},{\"@type\":\"Organization\",\"@id\":\"https:\/\/www.anastasiasgarden.gr\/el\/#organization\",\"name\":\"Anastasia's Garden\",\"url\":\"https:\/\/www.anastasiasgarden.gr\/el\/\",\"logo\":{\"@type\":\"ImageObject\",\"inLanguage\":\"de\",\"@id\":\"https:\/\/www.anastasiasgarden.gr\/el\/#\/schema\/logo\/image\/\",\"url\":\"https:\/\/www.anastasiasgarden.gr\/wp-content\/uploads\/2024\/01\/\u03a4\u03a3\u0391\u039c\u03a0\u0399\u039a\u0391-\u03a3\u03a4\u0395\u0393\u039d\u0391-32-of-72-scaled.jpg\",\"contentUrl\":\"https:\/\/www.anastasiasgarden.gr\/wp-content\/uploads\/2024\/01\/\u03a4\u03a3\u0391\u039c\u03a0\u0399\u039a\u0391-\u03a3\u03a4\u0395\u0393\u039d\u0391-32-of-72-scaled.jpg\",\"width\":2560,\"height\":1707,\"caption\":\"Anastasia's Garden\"},\"image\":{\"@id\":\"https:\/\/www.anastasiasgarden.gr\/el\/#\/schema\/logo\/image\/\"}}]}<\/script>\n<!-- \/ Yoast SEO plugin. -->","yoast_head_json":{"title":"Das Gasthaus - Anastasia&#039;s Garden","robots":{"index":"index","follow":"follow","max-snippet":"max-snippet:-1","max-image-preview":"max-image-preview:large","max-video-preview":"max-video-preview:-1"},"canonical":"https:\/\/www.anastasiasgarden.gr\/de\/das-gasthaus\/","og_locale":"de_DE","og_type":"article","og_title":"Das Gasthaus - Anastasia&#039;s Garden","og_description":"[vc_row full_width=&#8220;stretch_row&#8220; equal_height_columns=&#8220;no&#8220; css=&#8220;.vc_custom_1455828471106{padding-top: 7% !important;padding-bottom: 7% !important;}&#8220;][vc_column width=&#8220;1\/2&#8243; css=&#8220;.vc_custom_1439194190582{background-color: #ffffff !important;}&#8220;][vc_column_text el_class=&#8220;separator&#8220;] Mit einer Inselarchitektur und einem Panoramablick Anastasia\u2019s Garden befindet sich an einem der amphitheatrischsten und malerischsten Orte der Insel, am Strand von Stegna mit dem kristallklaren Meer und dem wundersch\u00f6nen Sandstrand. In ruhiger und gr\u00fcner Lage im Zentrum von Stegna, umgeben von [&hellip;]","og_url":"https:\/\/www.anastasiasgarden.gr\/de\/das-gasthaus\/","og_site_name":"Anastasia&#039;s Garden","article_modified_time":"2024-01-07T16:06:55+00:00","og_image":[{"width":2560,"height":1707,"url":"https:\/\/www.anastasiasgarden.gr\/wp-content\/uploads\/2024\/01\/\u03a4\u03a3\u0391\u039c\u03a0\u0399\u039a\u0391-\u03a3\u03a4\u0395\u0393\u039d\u0391-32-of-72-scaled.jpg","type":"image\/jpeg"}],"twitter_card":"summary_large_image","twitter_misc":{"Gesch\u00e4tzte Lesezeit":"5\u00a0Minuten"},"schema":{"@context":"https:\/\/schema.org","@graph":[{"@type":"WebPage","@id":"https:\/\/www.anastasiasgarden.gr\/de\/das-gasthaus\/","url":"https:\/\/www.anastasiasgarden.gr\/de\/das-gasthaus\/","name":"Das Gasthaus - Anastasia&#039;s Garden","isPartOf":{"@id":"https:\/\/www.anastasiasgarden.gr\/el\/#website"},"datePublished":"2019-03-13T10:07:09+00:00","dateModified":"2024-01-07T16:06:55+00:00","breadcrumb":{"@id":"https:\/\/www.anastasiasgarden.gr\/de\/das-gasthaus\/#breadcrumb"},"inLanguage":"de","potentialAction":[{"@type":"ReadAction","target":["https:\/\/www.anastasiasgarden.gr\/de\/das-gasthaus\/"]}]},{"@type":"BreadcrumbList","@id":"https:\/\/www.anastasiasgarden.gr\/de\/das-gasthaus\/#breadcrumb","itemListElement":[{"@type":"ListItem","position":1,"name":"Home","item":"https:\/\/www.anastasiasgarden.gr\/de\/"},{"@type":"ListItem","position":2,"name":"Das Gasthaus"}]},{"@type":"WebSite","@id":"https:\/\/www.anastasiasgarden.gr\/el\/#website","url":"https:\/\/www.anastasiasgarden.gr\/el\/","name":"Anastasia\u2019s Garden","description":"\u039e\u03b5\u03bd\u03ce\u03bd\u03b1\u03c2 \u03ba\u03b1\u03b9 \u0395\u03bd\u03bf\u03b9\u03ba\u03b9\u03b1\u03b6\u03cc\u03bc\u03b5\u03bd\u03b1 \u0394\u03c9\u03bc\u03ac\u03c4\u03b9\u03b1","publisher":{"@id":"https:\/\/www.anastasiasgarden.gr\/el\/#organization"},"potentialAction":[{"@type":"SearchAction","target":{"@type":"EntryPoint","urlTemplate":"https:\/\/www.anastasiasgarden.gr\/el\/?s={search_term_string}"},"query-input":{"@type":"PropertyValueSpecification","valueRequired":true,"valueName":"search_term_string"}}],"inLanguage":"de"},{"@type":"Organization","@id":"https:\/\/www.anastasiasgarden.gr\/el\/#organization","name":"Anastasia's Garden","url":"https:\/\/www.anastasiasgarden.gr\/el\/","logo":{"@type":"ImageObject","inLanguage":"de","@id":"https:\/\/www.anastasiasgarden.gr\/el\/#\/schema\/logo\/image\/","url":"https:\/\/www.anastasiasgarden.gr\/wp-content\/uploads\/2024\/01\/\u03a4\u03a3\u0391\u039c\u03a0\u0399\u039a\u0391-\u03a3\u03a4\u0395\u0393\u039d\u0391-32-of-72-scaled.jpg","contentUrl":"https:\/\/www.anastasiasgarden.gr\/wp-content\/uploads\/2024\/01\/\u03a4\u03a3\u0391\u039c\u03a0\u0399\u039a\u0391-\u03a3\u03a4\u0395\u0393\u039d\u0391-32-of-72-scaled.jpg","width":2560,"height":1707,"caption":"Anastasia's Garden"},"image":{"@id":"https:\/\/www.anastasiasgarden.gr\/el\/#\/schema\/logo\/image\/"}}]}},"_links":{"self":[{"href":"https:\/\/www.anastasiasgarden.gr\/de\/wp-json\/wp\/v2\/pages\/3630"}],"collection":[{"href":"https:\/\/www.anastasiasgarden.gr\/de\/wp-json\/wp\/v2\/pages"}],"about":[{"href":"https:\/\/www.anastasiasgarden.gr\/de\/wp-json\/wp\/v2\/types\/page"}],"author":[{"embeddable":true,"href":"https:\/\/www.anastasiasgarden.gr\/de\/wp-json\/wp\/v2\/users\/2"}],"replies":[{"embeddable":true,"href":"https:\/\/www.anastasiasgarden.gr\/de\/wp-json\/wp\/v2\/comments?post=3630"}],"version-history":[{"count":13,"href":"https:\/\/www.anastasiasgarden.gr\/de\/wp-json\/wp\/v2\/pages\/3630\/revisions"}],"predecessor-version":[{"id":4984,"href":"https:\/\/www.anastasiasgarden.gr\/de\/wp-json\/wp\/v2\/pages\/3630\/revisions\/4984"}],"wp:attachment":[{"href":"https:\/\/www.anastasiasgarden.gr\/de\/wp-json\/wp\/v2\/media?parent=3630"}],"curies":[{"name":"wp","href":"https:\/\/api.w.org\/{rel}","templated":true}]}}